{"id":45,"date":"2024-03-07T11:10:02","date_gmt":"2024-03-07T10:10:02","guid":{"rendered":"https:\/\/fdpwinsen.de\/?page_id=45"},"modified":"2024-03-07T11:10:02","modified_gmt":"2024-03-07T10:10:02","slug":"liberaler-dienstag","status":"publish","type":"page","link":"https:\/\/fdpwinsen.de\/?page_id=45","title":{"rendered":"Liberaler Dienstag"},"content":{"rendered":"\n<p>Der Liberale Dienstag ist der regelm\u00e4\u00dfige \u00f6ffentliche Stammtisch der FDP Winsen. <\/p>\n\n\n\n<p>Er findet einmal im Monat statt und hat ein 2&#215;45-Minuten-Format. In der 1. Halbzeit lautet das Motto &#8220;Wie retten wir Winsen?&#8221;, in der 2. Halbzeit &#8220;Wie retten wir das Land?&#8221;<\/p>\n\n\n\n<p>Der Liberale Dienstag ist unser regelm\u00e4\u00dfiges Schaufenster. Die regelm\u00e4\u00dfige \u00f6ffentliche Veranstaltung steht jedermann offen und dient dem Finden und Abgleichen von Positionen und Meinungen zu allen aktuellen Themen aus Stadt, Land, Bund und der Welt. <\/p>\n\n\n\n<p>Derzeit treffen wir uns im &#8220;Luhel\u00f6w bei Janni&#8221;, dem Griechen in der Stadthalle an jedem 1. Dienstag des Monats um 19.30 Uhr.<\/p>\n\n\n\n<p>Hinweis: In einzelnen F\u00e4llen (\u00dcberschneidungen mit anderen Veranstaltungen) entf\u00e4llt unser Stammtisch gelegentlich. Wenn Sie mit einem konkreten Thema zu uns kommen m\u00f6chten, sind Sie herzlich eingeladen &#8211; sollten aber sicherheitshalber kurz abkl\u00e4ren, dass der kommende Stammtisch auch wirklich stattfindet. Nutzen Sie hierzu unsere Kontaktm\u00f6glichkeiten auf dieser Seite oder fragen Sie direkt unseren Ortsvorsitzenden Jan Filter (Handy\/WhatsApp\/Signal: 015778953700).<\/p>\n","protected":false},"excerpt":{"rendered":"<p>Der Liberale Dienstag ist der regelm\u00e4\u00dfige \u00f6ffentliche Stammtisch der FDP Winsen. Er findet einmal im Monat statt und hat ein 2&#215;45-Minuten-Format. In der 1. Halbzeit lautet das Motto &#8220;Wie retten wir Winsen?&#8221;, in der 2. Halbzeit &#8220;Wie retten wir das Land?&#8221; Der Liberale Dienstag ist unser regelm\u00e4\u00dfiges Schaufenster. Die regelm\u00e4\u00dfige \u00f6ffentliche Veranstaltung steht jedermann offen &#8230; <a title=\"Liberaler Dienstag\" class=\"read-more\" href=\"https:\/\/fdpwinsen.de\/?page_id=45\" aria-label=\"Mehr Informationen \u00fcber Liberaler Dienstag\">Weiterlesen &#8230;<\/a><\/p>\n","protected":false},"author":1,"featured_media":0,"parent":0,"menu_order":0,"comment_status":"closed","ping_status":"closed","template":"","meta":{"footnotes":""},"class_list":["post-45","page","type-page","status-publish"],"featured_image_urls":{"full":"","thumbnail":"","medium":"","medium_large":"","large":"","1536x1536":"","2048x2048":""},"post_excerpt_stackable":"<p>Der Liberale Dienstag ist der regelm\u00e4\u00dfige \u00f6ffentliche Stammtisch der FDP Winsen. Er findet einmal im Monat statt und hat ein 2&#215;45-Minuten-Format. In der 1. Halbzeit lautet das Motto &#8220;Wie retten wir Winsen?&#8221;, in der 2. Halbzeit &#8220;Wie retten wir das Land?&#8221; Der Liberale Dienstag ist unser regelm\u00e4\u00dfiges Schaufenster. Die regelm\u00e4\u00dfige \u00f6ffentliche Veranstaltung steht jedermann offen und dient dem Finden und Abgleichen von Positionen und Meinungen zu allen aktuellen Themen aus Stadt, Land, Bund und der Welt. Derzeit treffen wir uns im &#8220;Luhel\u00f6w bei Janni&#8221;, dem Griechen in der Stadthalle an jedem 1. Dienstag des Monats um 19.30 Uhr. Hinweis: In&hellip;<\/p>\n","category_list":"","author_info":{"name":"admin233456","url":"https:\/\/fdpwinsen.de\/?author=1"},"comments_num":"0 comments","_links":{"self":[{"href":"https:\/\/fdpwinsen.de\/index.php?rest_route=\/wp\/v2\/pages\/45","targetHints":{"allow":["GET"]}}],"collection":[{"href":"https:\/\/fdpwinsen.de\/index.php?rest_route=\/wp\/v2\/pages"}],"about":[{"href":"https:\/\/fdpwinsen.de\/index.php?rest_route=\/wp\/v2\/types\/page"}],"author":[{"embeddable":true,"href":"https:\/\/fdpwinsen.de\/index.php?rest_route=\/wp\/v2\/users\/1"}],"replies":[{"embeddable":true,"href":"https:\/\/fdpwinsen.de\/index.php?rest_route=%2Fwp%2Fv2%2Fcomments&post=45"}],"version-history":[{"count":1,"href":"https:\/\/fdpwinsen.de\/index.php?rest_route=\/wp\/v2\/pages\/45\/revisions"}],"predecessor-version":[{"id":46,"href":"https:\/\/fdpwinsen.de\/index.php?rest_route=\/wp\/v2\/pages\/45\/revisions\/46"}],"wp:attachment":[{"href":"https:\/\/fdpwinsen.de\/index.php?rest_route=%2Fwp%2Fv2%2Fmedia&parent=45"}],"curies":[{"name":"wp","href":"https:\/\/api.w.org\/{rel}","templated":true}]}}